{"id":5347,"date":"2023-11-08T13:01:31","date_gmt":"2023-11-08T13:01:31","guid":{"rendered":"https:\/\/housem.lv\/kontakti\/"},"modified":"2024-06-07T10:12:45","modified_gmt":"2024-06-07T10:12:45","slug":"contacts","status":"publish","type":"page","link":"https:\/\/housem.lv\/en\/contacts\/","title":{"rendered":"Contacts"},"content":{"rendered":"\t\t<div data-elementor-type=\"wp-page\" data-elementor-id=\"5347\" class=\"elementor elementor-5347 elementor-4826\">\n\t\t\t\t\t\t\t\t\t<section class=\"elementor-section elementor-top-section elementor-element elementor-element-314fbb9 elementor-section-boxed elementor-section-height-default elementor-section-height-default\" data-id=\"314fbb9\" data-element_type=\"section\">\n\t\t\t\t\t\t<div class=\"elementor-container elementor-column-gap-default\">\n\t\t\t\t\t<div class=\"elementor-column elementor-col-33 elementor-top-column elementor-element elementor-element-ef9be90 elementor-hidden-phone elementor-hidden-tablet\" data-id=\"ef9be90\" data-element_type=\"column\">\n\t\t\t<div class=\"elementor-widget-wrap\">\n\t\t\t\t\t\t\t\t\t<\/div>\n\t\t<\/div>\n\t\t\t\t<div class=\"elementor-column elementor-col-33 elementor-top-column elementor-element elementor-element-84eeaab\" data-id=\"84eeaab\" data-element_type=\"column\">\n\t\t\t<div class=\"elementor-widget-wrap elementor-element-populated\">\n\t\t\t\t\t\t\t\t<section class=\"elementor-section elementor-inner-section elementor-element elementor-element-35590d5 elementor-section-content-middle elementor-section-boxed elementor-section-height-default elementor-section-height-default\" data-id=\"35590d5\" data-element_type=\"section\">\n\t\t\t\t\t\t<div class=\"elementor-container elementor-column-gap-default\">\n\t\t\t\t\t<div class=\"elementor-column elementor-col-50 elementor-inner-column elementor-element elementor-element-6773109 elementor-invisible\" data-id=\"6773109\" data-element_type=\"column\" data-settings=\"{&quot;animation&quot;:&quot;fadeInRight&quot;}\">\n\t\t\t<div class=\"elementor-widget-wrap elementor-element-populated\">\n\t\t\t\t\t\t\t\t<div class=\"elementor-element elementor-element-18a7428 tt-heading-fill-color elementor-widget elementor-widget-tt-heading\" data-id=\"18a7428\" data-element_type=\"widget\" data-widget_type=\"tt-heading.default\">\n\t\t\t\t<div class=\"elementor-widget-container\">\n\t\t\t\r\n        <div class=\"section-heading style-one\">\r\n\t\t\t\r\n\t\t\t                <h2 class=\"section-title wow fadeInUp\" data-wow-delay=\"0.3s\">Contact us<\/h2>\r\n\t\t\t\r\n\t\t\t        <\/div>\r\n\r\n\t\t\t\t<\/div>\n\t\t\t\t<\/div>\n\t\t\t\t<div class=\"elementor-element elementor-element-d8ad036 elementor-widget elementor-widget-tt-contact-form\" data-id=\"d8ad036\" data-element_type=\"widget\" data-widget_type=\"tt-contact-form.default\">\n\t\t\t\t<div class=\"elementor-widget-container\">\n\t\t\t        <div class=\"contact-form contact-form-boxed\">\r\n\t\t\t\n<div class=\"wpcf7 no-js\" id=\"wpcf7-f5360-o1\" lang=\"en-US\" dir=\"ltr\">\n<div class=\"screen-reader-response\"><p role=\"status\" aria-live=\"polite\" aria-atomic=\"true\"><\/p> <ul><\/ul><\/div>\n<form action=\"\/en\/wp-json\/wp\/v2\/pages\/5347#wpcf7-f5360-o1\" method=\"post\" class=\"wpcf7-form init\" aria-label=\"Contact form\" novalidate=\"novalidate\" data-status=\"init\">\n<div style=\"display: none;\">\n<input type=\"hidden\" name=\"_wpcf7\" value=\"5360\" \/>\n<input type=\"hidden\" name=\"_wpcf7_version\" value=\"5.8.2\" \/>\n<input type=\"hidden\" name=\"_wpcf7_locale\" value=\"en_US\" \/>\n<input type=\"hidden\" name=\"_wpcf7_unit_tag\" value=\"wpcf7-f5360-o1\" \/>\n<input type=\"hidden\" name=\"_wpcf7_container_post\" value=\"0\" \/>\n<input type=\"hidden\" name=\"_wpcf7_posted_data_hash\" value=\"\" \/>\n<input type=\"hidden\" name=\"_wpcf7_recaptcha_response\" value=\"\" \/>\n<\/div>\n<p><label> Name<br \/>\n<span class=\"wpcf7-form-control-wrap\" data-name=\"your-name\"><input size=\"40\" class=\"wpcf7-form-control wpcf7-text wpcf7-validates-as-required\" autocomplete=\"name\" aria-required=\"true\" aria-invalid=\"false\" value=\"\" type=\"text\" name=\"your-name\" \/><\/span> <\/label>\n<\/p>\n<p><label> E-mail<br \/>\n<span class=\"wpcf7-form-control-wrap\" data-name=\"your-email\"><input size=\"40\" class=\"wpcf7-form-control wpcf7-email wpcf7-validates-as-required wpcf7-text wpcf7-validates-as-email\" autocomplete=\"email\" aria-required=\"true\" aria-invalid=\"false\" value=\"\" type=\"email\" name=\"your-email\" \/><\/span> <\/label>\n<\/p>\n<p><label> Message<br \/>\n<span class=\"wpcf7-form-control-wrap\" data-name=\"your-message\"><textarea cols=\"40\" rows=\"10\" class=\"wpcf7-form-control wpcf7-textarea\" aria-invalid=\"false\" name=\"your-message\"><\/textarea><\/span> <\/label>\n<\/p>\n<p><input class=\"wpcf7-form-control wpcf7-submit has-spinner tt__btn\" type=\"submit\" value=\"Send\" \/>\n<\/p><div class=\"wpcf7-response-output\" aria-hidden=\"true\"><\/div>\n<\/form>\n<\/div>\n        <\/div>\r\n\t\t\t\t<\/div>\n\t\t\t\t<\/div>\n\t\t\t\t\t<\/div>\n\t\t<\/div>\n\t\t\t\t<div class=\"elementor-column elementor-col-50 elementor-inner-column elementor-element elementor-element-3f4d06d elementor-invisible\" data-id=\"3f4d06d\" data-element_type=\"column\" data-settings=\"{&quot;animation&quot;:&quot;fadeInLeft&quot;}\">\n\t\t\t<div class=\"elementor-widget-wrap elementor-element-populated\">\n\t\t\t\t\t\t\t\t<div class=\"elementor-element elementor-element-20e096c tt-heading-fill-color elementor-widget elementor-widget-tt-heading\" data-id=\"20e096c\" data-element_type=\"widget\" data-widget_type=\"tt-heading.default\">\n\t\t\t\t<div class=\"elementor-widget-container\">\n\t\t\t\r\n        <div class=\"section-heading style-one\">\r\n\t\t\t\r\n\t\t\t                <h2 class=\"section-title wow fadeInUp\" data-wow-delay=\"0.3s\">SIA \"M\u0101jvad\u012bba M \" <\/h2>\r\n\t\t\t\r\n\t\t\t                <div class=\"description wow fadeInUp\" data-wow-delay=\"0.5s\"><div class=\"ql-block\" data-block-id=\"block-6ff52618-1675-429b-8a14-be20d6943fd7\"><strong>Adress:<\/strong> T\u012bn\u016b\u017eu \u0161oseja 17, Ik\u0161\u0137ile, Ogre mun., LV-5052<\/div><div class=\"ql-block\" data-block-id=\"block-d7ac6cff-d837-419a-9534-cc33c9b86b77\"><strong>Registration number:<\/strong> 40203292891<\/div><\/div>\r\n\t\t\t        <\/div>\r\n\r\n\t\t\t\t<\/div>\n\t\t\t\t<\/div>\n\t\t\t\t<div class=\"elementor-element elementor-element-754b8fe tt-heading-fill-color elementor-widget elementor-widget-tt-heading\" data-id=\"754b8fe\" data-element_type=\"widget\" data-widget_type=\"tt-heading.default\">\n\t\t\t\t<div class=\"elementor-widget-container\">\n\t\t\t\r\n        <div class=\"section-heading style-one\">\r\n\t\t\t\r\n\t\t\t                <h2 class=\"section-title wow fadeInUp\" data-wow-delay=\"0.3s\">Billing details<\/h2>\r\n\t\t\t\r\n\t\t\t                <div class=\"description wow fadeInUp\" data-wow-delay=\"0.5s\"><div class=\"ql-block\" data-block-id=\"block-6ff52618-1675-429b-8a14-be20d6943fd7\"><div class=\"ql-block\" data-block-id=\"block-480b025e-42f7-4f38-8c09-9e85cc4e9931\"><strong>Account:<\/strong> LV31HABA0551050299488<br \/><strong>Beneficiary:<\/strong> AS Swedbank<br \/><strong>BIC code:<\/strong> HABALV22<\/div><\/div><\/div>\r\n\t\t\t        <\/div>\r\n\r\n\t\t\t\t<\/div>\n\t\t\t\t<\/div>\n\t\t\t\t\t<\/div>\n\t\t<\/div>\n\t\t\t\t\t\t\t<\/div>\n\t\t<\/section>\n\t\t\t\t\t<\/div>\n\t\t<\/div>\n\t\t\t\t<div class=\"elementor-column elementor-col-33 elementor-top-column elementor-element elementor-element-1e3436e elementor-hidden-tablet\" data-id=\"1e3436e\" data-element_type=\"column\">\n\t\t\t<div class=\"elementor-widget-wrap\">\n\t\t\t\t\t\t\t\t\t<\/div>\n\t\t<\/div>\n\t\t\t\t\t\t\t<\/div>\n\t\t<\/section>\n\t\t\t\t<section class=\"elementor-section elementor-top-section elementor-element elementor-element-c283773 bg-wrap elementor-section-boxed elementor-section-height-default elementor-section-height-default\" data-id=\"c283773\" data-element_type=\"section\">\n\t\t\t\t\t\t<div class=\"elementor-container elementor-column-gap-default\">\n\t\t\t\t\t<div class=\"elementor-column elementor-col-20 elementor-top-column elementor-element elementor-element-2ab08c9 elementor-hidden-tablet elementor-hidden-phone\" data-id=\"2ab08c9\" data-element_type=\"column\">\n\t\t\t<div class=\"elementor-widget-wrap\">\n\t\t\t\t\t\t\t\t\t<\/div>\n\t\t<\/div>\n\t\t\t\t<div class=\"elementor-column elementor-col-20 elementor-top-column elementor-element elementor-element-80d7256\" data-id=\"80d7256\" data-element_type=\"column\">\n\t\t\t<div class=\"elementor-widget-wrap elementor-element-populated\">\n\t\t\t\t\t\t\t\t<div class=\"elementor-element elementor-element-4166b77 elementor-invisible elementor-widget elementor-widget-tt-contact-info\" data-id=\"4166b77\" data-element_type=\"widget\" data-settings=\"{&quot;_animation&quot;:&quot;fadeInUp&quot;,&quot;_animation_delay&quot;:300}\" data-widget_type=\"tt-contact-info.default\">\n\t\t\t\t<div class=\"elementor-widget-container\">\n\t\t\t<div class=\"tt-contact-info\">\r\n\t\r\n\t\t\t<div class=\"icon-container\">\r\n\t\t\t\t\t\t\t<img decoding=\"async\" src=\"https:\/\/housem.lv\/wp-content\/uploads\/2023\/11\/Artboard-7.png\" alt=\"+371 26341119\">\r\n\t\t\t\t\t<\/div>\r\n\t\t<!-- \/.icon-container -->\r\n\r\n\t<div class=\"box-content\">\r\n\t\t\t\t\t<h4 class=\"box-title\">\r\n\t\t\t\t\t\t\t\t<a href=\"tel:+371%2026341119\"  target=\"_blank\"  rel=\"nofollow\">\r\n\t\t\t\t\t\r\n\t\t\t\t\t+371 26341119\r\n\t\t\t\t\t\t\t\t\t<\/a>\r\n\t\t\t\t\t\t<\/h4>\r\n\t\t\r\n\t\t\r\n\t<\/div>\r\n<\/div>\r\n<!-- \/.tt-icon-box -->\t\t<\/div>\n\t\t\t\t<\/div>\n\t\t\t\t\t<\/div>\n\t\t<\/div>\n\t\t\t\t<div class=\"elementor-column elementor-col-20 elementor-top-column elementor-element elementor-element-b5348ab\" data-id=\"b5348ab\" data-element_type=\"column\">\n\t\t\t<div class=\"elementor-widget-wrap elementor-element-populated\">\n\t\t\t\t\t\t\t\t<div class=\"elementor-element elementor-element-6023ed7 elementor-invisible elementor-widget elementor-widget-tt-contact-info\" data-id=\"6023ed7\" data-element_type=\"widget\" data-settings=\"{&quot;_animation&quot;:&quot;fadeInUp&quot;,&quot;_animation_delay&quot;:500}\" data-widget_type=\"tt-contact-info.default\">\n\t\t\t\t<div class=\"elementor-widget-container\">\n\t\t\t<div class=\"tt-contact-info\">\r\n\t\r\n\t\t\t<div class=\"icon-container\">\r\n\t\t\t\t\t\t\t<img decoding=\"async\" src=\"https:\/\/housem.lv\/wp-content\/uploads\/2023\/11\/Artboard-7-copy.png\" alt=\"info@housem.lv\">\r\n\t\t\t\t\t<\/div>\r\n\t\t<!-- \/.icon-container -->\r\n\r\n\t<div class=\"box-content\">\r\n\t\t\t\t\t<h4 class=\"box-title\">\r\n\t\t\t\t\t\t\t\t<a href=\"mailto:info@housem.lv\"  target=\"_blank\"  rel=\"nofollow\">\r\n\t\t\t\t\t\r\n\t\t\t\t\tinfo@housem.lv\r\n\t\t\t\t\t\t\t\t\t<\/a>\r\n\t\t\t\t\t\t<\/h4>\r\n\t\t\r\n\t\t\r\n\t<\/div>\r\n<\/div>\r\n<!-- \/.tt-icon-box -->\t\t<\/div>\n\t\t\t\t<\/div>\n\t\t\t\t\t<\/div>\n\t\t<\/div>\n\t\t\t\t<div class=\"elementor-column elementor-col-20 elementor-top-column elementor-element elementor-element-8c12302\" data-id=\"8c12302\" data-element_type=\"column\">\n\t\t\t<div class=\"elementor-widget-wrap elementor-element-populated\">\n\t\t\t\t\t\t\t\t<div class=\"elementor-element elementor-element-9c10a43 elementor-invisible elementor-widget elementor-widget-tt-contact-info\" data-id=\"9c10a43\" data-element_type=\"widget\" data-settings=\"{&quot;_animation&quot;:&quot;fadeInUp&quot;,&quot;_animation_delay&quot;:700}\" data-widget_type=\"tt-contact-info.default\">\n\t\t\t\t<div class=\"elementor-widget-container\">\n\t\t\t<div class=\"tt-contact-info\">\r\n\t\r\n\t\t\t<div class=\"icon-container\">\r\n\t\t\t\t\t\t\t<img decoding=\"async\" src=\"https:\/\/housem.lv\/wp-content\/uploads\/2023\/11\/Artboard-7-copy-2.png\" alt=\"T\u012bn\u016b\u017eu \u0161oseja 17, Ik\u0161\u0137ile\">\r\n\t\t\t\t\t<\/div>\r\n\t\t<!-- \/.icon-container -->\r\n\r\n\t<div class=\"box-content\">\r\n\t\t\t\t\t<h4 class=\"box-title\">\r\n\t\t\t\t\t\t\t\t<a href=\"https:\/\/maps.app.goo.gl\/xM7VPMcA7nYZWKsQ8\"  target=\"_blank\"  rel=\"nofollow\">\r\n\t\t\t\t\t\r\n\t\t\t\t\tT\u012bn\u016b\u017eu \u0161oseja 17, Ik\u0161\u0137ile\r\n\t\t\t\t\t\t\t\t\t<\/a>\r\n\t\t\t\t\t\t<\/h4>\r\n\t\t\r\n\t\t\r\n\t<\/div>\r\n<\/div>\r\n<!-- \/.tt-icon-box -->\t\t<\/div>\n\t\t\t\t<\/div>\n\t\t\t\t\t<\/div>\n\t\t<\/div>\n\t\t\t\t<div class=\"elementor-column elementor-col-20 elementor-top-column elementor-element elementor-element-b058554 elementor-hidden-tablet elementor-hidden-phone\" data-id=\"b058554\" data-element_type=\"column\">\n\t\t\t<div class=\"elementor-widget-wrap\">\n\t\t\t\t\t\t\t\t\t<\/div>\n\t\t<\/div>\n\t\t\t\t\t\t\t<\/div>\n\t\t<\/section>\n\t\t\t\t\t\t\t<\/div>\n\t\t","protected":false},"excerpt":{"rendered":"<p>Contact us V\u0101rds E-pasts Zi\u0146a SIA &#8220;M\u0101jvad\u012bba M &#8221; Adress: T\u012bn\u016b\u017eu \u0161oseja 17, Ik\u0161\u0137ile, Ogre mun., LV-5052Registration number: 40203292891 Billing details Account: LV31HABA0551050299488Beneficiary: AS SwedbankBIC code: HABALV22 +371 26341119 info@housem.lv T\u012bn\u016b\u017eu \u0161oseja 17, Ik\u0161\u0137ile<\/p>\n","protected":false},"author":2,"featured_media":0,"parent":0,"menu_order":0,"comment_status":"closed","ping_status":"closed","template":"elementor_header_footer","meta":{"footnotes":""},"_links":{"self":[{"href":"https:\/\/housem.lv\/en\/wp-json\/wp\/v2\/pages\/5347"}],"collection":[{"href":"https:\/\/housem.lv\/en\/wp-json\/wp\/v2\/pages"}],"about":[{"href":"https:\/\/housem.lv\/en\/wp-json\/wp\/v2\/types\/page"}],"author":[{"embeddable":true,"href":"https:\/\/housem.lv\/en\/wp-json\/wp\/v2\/users\/2"}],"replies":[{"embeddable":true,"href":"https:\/\/housem.lv\/en\/wp-json\/wp\/v2\/comments?post=5347"}],"version-history":[{"count":13,"href":"https:\/\/housem.lv\/en\/wp-json\/wp\/v2\/pages\/5347\/revisions"}],"predecessor-version":[{"id":5397,"href":"https:\/\/housem.lv\/en\/wp-json\/wp\/v2\/pages\/5347\/revisions\/5397"}],"wp:attachment":[{"href":"https:\/\/housem.lv\/en\/wp-json\/wp\/v2\/media?parent=5347"}],"curies":[{"name":"wp","href":"https:\/\/api.w.org\/{rel}","templated":true}]}}